{"id":634,"date":"2021-01-11T10:03:06","date_gmt":"2021-01-11T10:03:06","guid":{"rendered":"https:\/\/glau.care\/?page_id=634"},"modified":"2026-01-12T14:19:17","modified_gmt":"2026-01-12T13:19:17","slug":"datenschutzerklarung","status":"publish","type":"page","link":"https:\/\/glau.care\/de\/datenschutzerklarung\/","title":{"rendered":"Datenschutzerkl\u00e4rung"},"content":{"rendered":"<p><div class=\"fusion-fullwidth fullwidth-box fusion-builder-row-1 fusion-flex-container nonhundred-percent-fullwidth non-hundred-percent-height-scrolling\" style=\"--awb-border-radius-top-left:0px;--awb-border-radius-top-right:0px;--awb-border-radius-bottom-right:0px;--awb-border-radius-bottom-left:0px;--awb-padding-right-small:20px;--awb-padding-left-small:20px;--awb-margin-top-medium:40px;--awb-margin-top-small:40px;--awb-flex-wrap:wrap;\" ><div class=\"fusion-builder-row fusion-row fusion-flex-align-items-flex-start fusion-flex-justify-content-center fusion-flex-content-wrap\" style=\"max-width:1280px;margin-left: calc(-0% \/ 2 );margin-right: calc(-0% \/ 2 );\"><div class=\"fusion-layout-column fusion_builder_column fusion-builder-column-0 fusion_builder_column_4_5 4_5 fusion-flex-column\" style=\"--awb-bg-size:cover;--awb-width-large:80%;--awb-margin-top-large:0px;--awb-spacing-right-large:0%;--awb-margin-bottom-large:0px;--awb-spacing-left-large:0%;--awb-width-medium:100%;--awb-order-medium:0;--awb-spacing-right-medium:0%;--awb-spacing-left-medium:0%;--awb-width-small:100%;--awb-order-small:0;--awb-spacing-right-small:0%;--awb-spacing-left-small:0%;\"><div class=\"fusion-column-wrapper fusion-column-has-shadow fusion-flex-justify-content-flex-start fusion-content-layout-column\"><div class=\"fusion-text fusion-text-1\" style=\"--awb-text-color:#000782;--awb-text-font-family:&quot;suisseworks&quot;;--awb-text-font-style:normal;--awb-text-font-weight:400;\"><h2 style=\"font-size: 55px;\">Datenschutz<span class=\"mobile-break\">&#8211;<\/span><br class=\"mobile-break\" \/>erkl\u00e4rung<\/h2>\n<\/div><div class=\"fusion-separator fusion-full-width-sep\" style=\"align-self: center;margin-left: auto;margin-right: auto;margin-bottom:5%;width:100%;\"><\/div><div class=\"fusion-text fusion-text-2 footnotes\" style=\"--awb-text-color:#000782;--awb-text-font-family:&quot;matex&quot;;--awb-text-font-style:normal;--awb-text-font-weight:400;\"><p>Diese Datenschutzerkl\u00e4rung hat den Zweck, Sie als Nutzer \u00fcber die Erhebung personenbezogener Daten auf dieser Website zu informieren. Wir legen daher Wert auf eine m\u00f6glichst transparente Darstellung aller wesentlichen Informationen zu dem Schutz Ihrer Daten. Sollte es dennoch Unklarheiten, Fragen und damit Kl\u00e4rungsbedarf geben, z\u00f6gern Sie bitte nicht, uns zu kontaktieren.<\/p>\n<\/div><div class=\"fusion-separator fusion-full-width-sep\" style=\"align-self: center;margin-left: auto;margin-right: auto;margin-bottom:5%;width:100%;\"><\/div><div class=\"fusion-text fusion-text-3\" style=\"--awb-text-color:#000782;--awb-text-font-family:&quot;matex&quot;;--awb-text-font-style:normal;--awb-text-font-weight:400;\"><h5>A. Verantwortlicher<\/h5>\n<\/div><div class=\"fusion-separator fusion-full-width-sep\" style=\"align-self: center;margin-left: auto;margin-right: auto;margin-bottom:5%;width:100%;\"><\/div><div class=\"fusion-text fusion-text-4 footnotes\" style=\"--awb-text-color:#000782;--awb-text-font-family:&quot;matex&quot;;--awb-text-font-style:normal;--awb-text-font-weight:400;\"><p><span style=\"font-weight: 400;\">Verantwortliche Stelle im Sinne der Datenschutz-Grundverordnung (Art. 4 Abs. 7 DSGVO) und der \u00fcbrigen nationalen Datenschutzgesetze und datenschutzrechtlicher Bestimmungen ist: \u200e\u00a0<\/span><\/p>\n<p><span style=\"font-weight: 400;\"><br \/>\n<\/span><span style=\"font-weight: 400;\">glaucare GmbH<br \/>\n<\/span>Lietzenburger Str. 107<br \/>\n10707 Berlin<\/p>\n<p><span style=\"font-weight: 400;\">E-Mail: info@glau.care <\/span><\/p>\n<p><span style=\"font-weight: 400;\"><br \/>\n<\/span>vollst\u00e4ndige Anbieterkennung: glau.care\/imprint. <span style=\"font-weight: 400;\">Diese Kontaktdaten sind damit relevant f\u00fcr alle Fragen datenschutzrechtlicher Natur zu dieser Website sowie f\u00fcr alle datenschutzrechtlichen Anspr\u00fcche Ihrerseits.<\/span><\/p>\n<\/div><div class=\"fusion-separator fusion-full-width-sep\" style=\"align-self: center;margin-left: auto;margin-right: auto;margin-bottom:5%;width:100%;\"><\/div><div class=\"fusion-text fusion-text-5\" style=\"--awb-text-color:#000782;--awb-text-font-family:&quot;matex&quot;;--awb-text-font-style:normal;--awb-text-font-weight:400;\"><h5>B. Erhebung und Speicherung personenbezogener Daten beim Besuch unserer Website<\/h5>\n<\/div><div class=\"fusion-separator fusion-full-width-sep\" style=\"align-self: center;margin-left: auto;margin-right: auto;margin-bottom:5%;width:100%;\"><\/div><div class=\"fusion-text fusion-text-6 footnotes\" style=\"--awb-text-color:#000782;--awb-text-font-family:&quot;matex&quot;;--awb-text-font-style:normal;--awb-text-font-weight:400;\"><p>Bei jedem Aufruf unserer Website erfassen wir automatisiert Daten und Informationen von dem Computersystem, welches Sie zum Aufruf der Website verwenden.<\/p>\n<div class=\"spacing\"><\/div>\n<p>Folgende Daten werden hierbei erhoben:<\/p>\n<div class=\"spacing\"><\/div>\n<p>(1) Informationen \u00fcber Ihren Browsertyp und die verwendete Version<br \/>\n(2) Informationen \u00fcber Ihr Betriebssystem<br \/>\n(3) Informationen \u00fcber Ihren Internet-Service-Provider<br \/>\n(4) Datum und Uhrzeit Ihres Zugriffs<br \/>\n(5) Websites, von denen Ihr System auf unsere Internetseite gelangt<br \/>\n(6) Websites, die von Ihrem System \u00fcber unsere Website aufgerufen werden.<\/p>\n<div class=\"spacing\"><\/div>\n<p>Die Rechtsgrundlage f\u00fcr die vor\u00fcbergehende Speicherung dieser Daten ist Art. 6 Abs. 1 lit. f DSGVO. Die Speicherdauer betr\u00e4gt 7 Tage.<\/p>\n<div class=\"spacing\"><\/div>\n<p>Sowohl die Erfassung der Daten als auch die Speicherung der Daten in Logfiles sind f\u00fcr die Bereitstellung und den Betrieb unserer Website zwingend erforderlich.<\/p>\n<\/div><div class=\"fusion-separator fusion-full-width-sep\" style=\"align-self: center;margin-left: auto;margin-right: auto;margin-bottom:5%;width:100%;\"><\/div><div class=\"fusion-text fusion-text-7\" style=\"--awb-text-color:#000782;--awb-text-font-family:&quot;matex&quot;;--awb-text-font-style:normal;--awb-text-font-weight:400;\"><h5>C. Kontaktaufnahme<\/h5>\n<\/div><div class=\"fusion-separator fusion-full-width-sep\" style=\"align-self: center;margin-left: auto;margin-right: auto;margin-bottom:5%;width:100%;\"><\/div><div class=\"fusion-text fusion-text-8 footnotes\" style=\"--awb-text-color:#000782;--awb-text-font-family:&quot;matex&quot;;--awb-text-font-style:normal;--awb-text-font-weight:400;\"><p>Sie k\u00f6nnen mit uns per E-Mail oder \u00fcber ein Formular auf der Webseite elektronisch in Kontakt treten. In diesem Fall werden die Daten, die Sie an uns schicken von uns gespeichert.<\/p>\n<div class=\"spacing\"><\/div>\n<p>Hierbei geht es um:<br \/>\n(1) Ihren Namen<br \/>\n(2) Datum der Kontaktaufnahme<br \/>\n(3) Ihre E-Mail-Adresse<br \/>\n(4) Gegebenenfalls weitere Daten, wenn Sie diese angeben<\/p>\n<div class=\"spacing\"><\/div>\n<p>Wenn Sie uns eine E-Mail schreiben oder das Formular nutzen und Interesse an unseren Angeboten haben, ist Rechtsgrundlage f\u00fcr die Datenverarbeitung Art. 6 Abs. 1 lit. b DSGVO.<\/p>\n<div class=\"spacing\"><\/div>\n<p>Diese an uns \u00fcbermittelten Daten werden nur f\u00fcr die Durchf\u00fchrung der Konversation verwendet und nicht an Dritte weitergegeben.<\/p>\n<div class=\"spacing\"><\/div>\n<p>Wir werden diese Daten l\u00f6schen, wenn sie f\u00fcr den jeweiligen Zweck nicht weiter ben\u00f6tigt werden. D. h., wenn der Austausch per E-Mail mit Ihnen beendet ist und wir Ihr Anliegen vollst\u00e4ndig bearbeitet haben.<\/p>\n<div class=\"spacing\"><\/div>\n<p>Sie haben jederzeit die M\u00f6glichkeit, die Einwilligung zur Verarbeitung Ihrer Daten zu widerrufen. Bitte wenden Sie sich hierzu an die oben genannten Kontaktm\u00f6glichkeiten. Im Falle eines Widerrufs werden alle Ihre personenbezogenen Daten, die zum Zweck der Kontaktaufnahme gespeichert wurden, gel\u00f6scht.<\/p>\n<\/div><div class=\"fusion-separator fusion-full-width-sep\" style=\"align-self: center;margin-left: auto;margin-right: auto;margin-bottom:5%;width:100%;\"><\/div><div class=\"fusion-text fusion-text-9\" style=\"--awb-text-color:#000782;--awb-text-font-family:&quot;matex&quot;;--awb-text-font-style:normal;--awb-text-font-weight:400;\"><h5>D. Verarbeitung in Drittstaaten im Allgemeinen<\/h5>\n<\/div><div class=\"fusion-separator fusion-full-width-sep\" style=\"align-self: center;margin-left: auto;margin-right: auto;margin-bottom:5%;width:100%;\"><\/div><div class=\"fusion-text fusion-text-10 footnotes\" style=\"--awb-text-color:#000782;--awb-text-font-family:&quot;matex&quot;;--awb-text-font-style:normal;--awb-text-font-weight:400;\"><p>Soweit und sofern oben nicht anders angebenden erfolgt die Verarbeitung Ihrer personenbezogenen Daten in Staaten au\u00dferhalb der Europ\u00e4ischen Union (EU) bzw. des Europ\u00e4ischen Wirtschaftsraums (EWR) ausschlie\u00dflich auf Basis der gesetzlichen Vorgaben nach Art. 44 DSGVO. Vorliegend ist dies ausschlie\u00dflich der Fall entweder auf Grundlage eines Angemessenheitsbeschlusses des Europ\u00e4ischen Kommission (Art. 45 DSGVO) und\/oder auf Basis geeigneter Garantien (Art. 46 DSGVO).<\/p>\n<\/div><div class=\"fusion-separator fusion-full-width-sep\" style=\"align-self: center;margin-left: auto;margin-right: auto;margin-bottom:5%;width:100%;\"><\/div><div class=\"fusion-text fusion-text-11\" style=\"--awb-text-color:#000782;--awb-text-font-family:&quot;matex&quot;;--awb-text-font-style:normal;--awb-text-font-weight:400;\"><h5>E. Allgemeine Speicherdauer<\/h5>\n<\/div><div class=\"fusion-separator fusion-full-width-sep\" style=\"align-self: center;margin-left: auto;margin-right: auto;margin-bottom:5%;width:100%;\"><\/div><div class=\"fusion-text fusion-text-12 footnotes\" style=\"--awb-font-size:18px;--awb-text-color:#000782;--awb-text-font-family:&quot;matex&quot;;--awb-text-font-style:normal;--awb-text-font-weight:400;\"><p>Allgemein werden personenbezogene Daten ausschlie\u00dflich solange gespeichert, wie es f\u00fcr die Erf\u00fcllung des Zwecks der Datenerhebung oder die Einhaltung der jeweiligen gesetzlichen Aufbewahrungsfrist erforderlich ist. Nach Wegfall des Zwecks bzw. Ablauf der Frist erfolgt eine L\u00f6schung der Daten.<\/p>\n<\/div><div class=\"fusion-separator fusion-full-width-sep\" style=\"align-self: center;margin-left: auto;margin-right: auto;margin-bottom:5%;width:100%;\"><\/div><div class=\"fusion-text fusion-text-13\" style=\"--awb-text-color:#000782;--awb-text-font-family:&quot;matex&quot;;--awb-text-font-style:normal;--awb-text-font-weight:400;\"><h5>F. Betroffenenrechte<\/h5>\n<\/div><div class=\"fusion-separator fusion-full-width-sep\" style=\"align-self: center;margin-left: auto;margin-right: auto;margin-bottom:5%;width:100%;\"><\/div><div class=\"fusion-text fusion-text-14 footnotes\" style=\"--awb-text-color:#000782;--awb-text-font-family:&quot;matex&quot;;--awb-text-font-style:normal;--awb-text-font-weight:400;\"><p>Soweit wir personenbezogene Daten von Ihnen verarbeitet haben, sind Sie Betroffener im Sinne der DSGVO und es stehen Ihnen folgende Rechte gegen\u00fcber uns zu:<\/p>\n<div class=\"spacing\"><\/div>\n<p>(1) Art. 15 DSGVO \u2014 Sie k\u00f6nnen Auskunft \u00fcber Ihre von uns verarbeiteten personenbezogenen Daten verlangen. Insbesondere k\u00f6nnen Sie Auskunft \u00fcber die Verarbeitungszwecke, die Kategorie der personenbezogenen Daten, die Kategorien von Empf\u00e4ngern, gegen\u00fcber denen Ihre Daten offengelegt wurden oder werden, die geplante Speicherdauer, das Bestehen eines Rechts auf Berichtigung, L\u00f6schung, Einschr\u00e4nkung der Verarbeitung oder Widerspruch, das Bestehen eines Beschwerderechts, die Herkunft Ihrer Daten, sofern diese nicht bei uns erhoben wurden, sowie \u00fcber das Bestehen einer automatisierten Entscheidungsfindung einschlie\u00dflich Profiling und ggf. aussagekr\u00e4ftigen Informationen zu deren Einzelheiten verlangen.<\/p>\n<div class=\"spacing\"><\/div>\n<p>(2) Art. 16 DSGVO \u2014 Sie k\u00f6nnen unverz\u00fcglich die Berichtigung unrichtiger oder Vervollst\u00e4ndigung Ihrer bei uns gespeicherten personenbezogenen Daten verlangen.<\/p>\n<div class=\"spacing\"><\/div>\n<p>(3) Art. 17 DSGVO \u2014 Sie k\u00f6nnen die L\u00f6schung Ihrer bei uns gespeicherten personenbezogenen Daten verlangen, soweit nicht die Verarbeitung zur Aus\u00fcbung des Rechts auf freie Meinungs\u00e4u\u00dferung und Information, zur Erf\u00fcllung einer rechtlichen Verpflichtung, aus Gr\u00fcnden des \u00f6ffentlichen Interesses oder zur Geltendmachung, Aus\u00fcbung oder Verteidigung von Rechtsanspr\u00fcchen erforderlich ist.<\/p>\n<div class=\"spacing\"><\/div>\n<p>(4) Art. 18 DSGVO \u2014 Sie k\u00f6nnen die Einschr\u00e4nkung der Verarbeitung Ihrer personenbezogenen Daten verlangen, \u2014 soweit die Richtigkeit der Daten von Ihnen bestritten wird, \u2014 soweit die Verarbeitung unrechtm\u00e4\u00dfig ist, Sie aber deren L\u00f6schung ablehnen und wir die Daten nicht mehr ben\u00f6tigen, Sie jedoch diese zur Geltendmachung, Aus\u00fcbung oder Verteidigung von Rechtsanspr\u00fcchen ben\u00f6tigen \u2014 oder soweit Sie gem\u00e4\u00df Art. 21 DSGVO Widerspruch gegen die Verarbeitung eingelegt haben.<\/p>\n<div class=\"spacing\"><\/div>\n<p>(5) Art. 20 DSGVO \u2014 Sie k\u00f6nnen Ihre personenbezogenen Daten, die Sie uns bereitgestellt haben, in einem strukturierten, g\u00e4ngigen und maschinenlesebaren Format erhalten oder die \u00dcbermittlung an einen anderen Verantwortlichen verlangen.<\/p>\n<div class=\"spacing\"><\/div>\n<p>(6) Art. 7 Abs. 3 DSGVO \u2014 Sie k\u00f6nnen Ihre einmal erteilte Einwilligung jederzeit gegen\u00fcber uns widerrufen. Dies hat zur Folge, dass wir die Datenverarbeitung, die auf dieser Einwilligung beruhte, f\u00fcr die Zukunft nicht mehr fortf\u00fchren d\u00fcrfen.<\/p>\n<div class=\"spacing\"><\/div>\n<p>(7) Art. 77 DSGVO \u2014 Sie k\u00f6nnen sich bei einer Aufsichtsbeh\u00f6rde beschweren. In der Regel k\u00f6nnen Sie sich hierf\u00fcr an die Aufsichtsbeh\u00f6rde Ihres \u00fcblichen Aufenthaltsortes oder Arbeitsplatzes oder unseres Gesch\u00e4ftssitzes wenden.<\/p>\n<\/div><div class=\"fusion-separator fusion-full-width-sep\" style=\"align-self: center;margin-left: auto;margin-right: auto;margin-bottom:5%;width:100%;\"><\/div><div class=\"fusion-text fusion-text-15\" style=\"--awb-text-color:#000782;--awb-text-font-family:&quot;matex&quot;;--awb-text-font-style:normal;--awb-text-font-weight:400;\"><h5>G. Widerspruchsrecht<\/h5>\n<\/div><div class=\"fusion-separator fusion-full-width-sep\" style=\"align-self: center;margin-left: auto;margin-right: auto;margin-bottom:5%;width:100%;\"><\/div><div class=\"fusion-text fusion-text-16 footnotes\" style=\"--awb-text-color:#000782;--awb-text-font-family:&quot;matex&quot;;--awb-text-font-style:normal;--awb-text-font-weight:400;\"><p>Sofern Ihre personenbezogenen Daten auf Grundlage von berechtigten Interessen gem\u00e4\u00df Art. 6 Abs. 1 S. 1 lit. f DSGVO verarbeitet werden, haben Sie das Recht, gem\u00e4\u00df Art. 21 DSGVO Widerspruch gegen die Verarbeitung Ihrer personenbezogenen Daten einzulegen, soweit daf\u00fcr Gr\u00fcnde vorliegen, die sich aus Ihrer besonderen Situation ergeben oder sich der Widerspruch gegen Direktwerbung richtet. Im letzteren Fall haben Sie ein generelles Widerspruchsrecht, das ohne Angabe einer besonderen Situation von uns umgesetzt wird.<\/p>\n<div class=\"spacing\"><\/div>\n<p>M\u00f6chten Sie von Ihrem Widerrufs- oder Widerspruchsrecht Gebrauch machen, gen\u00fcgt eine E-Mail an die oben genannte E-Mail-Adresse.<\/p>\n<\/div><div class=\"fusion-separator fusion-full-width-sep\" style=\"align-self: center;margin-left: auto;margin-right: auto;margin-bottom:5%;width:100%;\"><\/div><div class=\"fusion-separator fusion-full-width-sep\" style=\"align-self: center;margin-left: auto;margin-right: auto;margin-top:10%;width:100%;\"><div class=\"fusion-separator-border sep-single sep-solid\" style=\"--awb-height:20px;--awb-amount:20px;--awb-sep-color:#000782;border-color:#000782;border-top-width:2px;\"><\/div><\/div><\/div><\/div><\/div><\/div><div class=\"fusion-fullwidth fullwidth-box fusion-builder-row-2 fusion-flex-container nonhundred-percent-fullwidth non-hundred-percent-height-scrolling\" style=\"--awb-border-radius-top-left:0px;--awb-border-radius-top-right:0px;--awb-border-radius-bottom-right:0px;--awb-border-radius-bottom-left:0px;--awb-padding-right-small:20px;--awb-padding-bottom-small:30%;--awb-padding-left-small:20px;--awb-flex-wrap:wrap;\" ><div class=\"fusion-builder-row fusion-row fusion-flex-align-items-flex-start fusion-flex-justify-content-center fusion-flex-content-wrap\" style=\"max-width:1280px;margin-left: calc(-0% \/ 2 );margin-right: calc(-0% \/ 2 );\"><div class=\"fusion-layout-column fusion_builder_column fusion-builder-column-1 fusion_builder_column_4_5 4_5 fusion-flex-column\" style=\"--awb-bg-size:cover;--awb-width-large:80%;--awb-margin-top-large:0px;--awb-spacing-right-large:0%;--awb-margin-bottom-large:0px;--awb-spacing-left-large:0%;--awb-width-medium:100%;--awb-order-medium:0;--awb-spacing-right-medium:0%;--awb-spacing-left-medium:0%;--awb-width-small:100%;--awb-order-small:0;--awb-spacing-right-small:0%;--awb-spacing-left-small:0%;\"><div class=\"fusion-column-wrapper fusion-column-has-shadow fusion-flex-justify-content-flex-start fusion-content-layout-column\"><div class=\"fusion-menu-anchor\" id=\"impressum\"><\/div><div class=\"fusion-separator fusion-full-width-sep\" style=\"align-self: center;margin-left: auto;margin-right: auto;margin-bottom:5%;width:100%;\"><\/div><div class=\"fusion-text fusion-text-17\" style=\"--awb-text-color:#000782;--awb-text-font-family:&quot;matex&quot;;--awb-text-font-style:normal;--awb-text-font-weight:400;\"><h2 style=\"font-size: 55px;\">Impressum<\/h2>\n<\/div><div class=\"fusion-separator fusion-full-width-sep\" style=\"align-self: center;margin-left: auto;margin-right: auto;margin-bottom:5%;width:100%;\"><\/div><div class=\"fusion-text fusion-text-18\" style=\"--awb-font-size:18px;--awb-text-color:#000782;--awb-text-font-family:&quot;matex&quot;;--awb-text-font-style:normal;--awb-text-font-weight:400;\"><p>glaucare ist ein Produkt von der glaucare GmbH<\/p>\n<p>glaucare GmbH<br \/>\nLietzenburger Str. 107<br \/>\n10707 Berlin<\/p>\n<div class=\"spacing\"><\/div>\n<p>E-Mail: <a href=\"mailto:info@glau.care\">info@glau.care<\/a><br \/>\nTel.: <a href=\"tel:+4930590083322\">+49 30 590 083 322<\/a><\/p>\n<p>CEO: Friedhelm Kremer<br \/>\nAmtsgericht Berlin Charlottenburg, HRB 219 985B<\/p>\n<p><span style=\"font-size: 20px; line-height: 30px;\" data-fusion-font=\"true\">Ust. ID-Nr: DE333 991 755<br \/>\n<\/span><\/p>\n<\/div><\/div><\/div><\/div><\/div><\/p>\n","protected":false},"excerpt":{"rendered":"","protected":false},"author":1,"featured_media":0,"parent":0,"menu_order":0,"comment_status":"closed","ping_status":"closed","template":"100-width.php","meta":{"footnotes":""},"class_list":["post-634","page","type-page","status-publish","hentry"],"_links":{"self":[{"href":"https:\/\/glau.care\/de\/wp-json\/wp\/v2\/pages\/634","targetHints":{"allow":["GET"]}}],"collection":[{"href":"https:\/\/glau.care\/de\/wp-json\/wp\/v2\/pages"}],"about":[{"href":"https:\/\/glau.care\/de\/wp-json\/wp\/v2\/types\/page"}],"author":[{"embeddable":true,"href":"https:\/\/glau.care\/de\/wp-json\/wp\/v2\/users\/1"}],"replies":[{"embeddable":true,"href":"https:\/\/glau.care\/de\/wp-json\/wp\/v2\/comments?post=634"}],"version-history":[{"count":4,"href":"https:\/\/glau.care\/de\/wp-json\/wp\/v2\/pages\/634\/revisions"}],"predecessor-version":[{"id":2237,"href":"https:\/\/glau.care\/de\/wp-json\/wp\/v2\/pages\/634\/revisions\/2237"}],"wp:attachment":[{"href":"https:\/\/glau.care\/de\/wp-json\/wp\/v2\/media?parent=634"}],"curies":[{"name":"wp","href":"https:\/\/api.w.org\/{rel}","templated":true}]}}